{"id":37,"date":"2018-02-17T12:44:32","date_gmt":"2018-02-17T12:44:32","guid":{"rendered":"https:\/\/crownholding.nl\/?page_id=37"},"modified":"2018-02-27T08:59:27","modified_gmt":"2018-02-27T08:59:27","slug":"cooperation","status":"publish","type":"page","link":"https:\/\/crownlicensing.com\/nl\/cooperation\/","title":{"rendered":"Samenwerking"},"content":{"rendered":"<p>Crown Licensing Holding en Gateway Business Support (Gateway) zijn beiden onderdeel van de Crown Holding Group.<\/p>\n<p>Gateway biedt een uitgebreid dienstenpakket aan buitenlandse ondernemingen die\u00a0reeds in Nederland gevestigd zijn of die zich nog willen vestigen in Nederland.<\/p>\n<p><!--more--><\/p>\n<p>Gateway is een volledig onafhankelijk bedrijf zonder mogelijke belangenverstrengelingen met juridische, fiscale en accountantskantoren.<\/p>\n<p>Sinds 2012 is Gateway verbonden aan een\u00a0internationaal netwerk van onafhankelijke accountants- en zakelijke advieskantoren, die de expertise vertegenwoordigen van meer dan 135 leden, 300 kantoren in 70 landen uit de gehele wereld.<\/p>\n<p>Gateway is de \u201cone stop\u201d die u dient te maken om uzelf te verzekeren van een vlotte, effici\u00ebnte en rendabele werking van uw bedrijf in Nederland. Wij, of \u00e9\u00e9n van onze netwerkpartners, helpen u met het vinden van de optimale oplossing voor uw zakelijke wensen.<\/p>\n<p>Voor meer informatie kunt u ons bereiken via onze website <a href=\"http:\/\/www.businesssupport.amsterdam\">www.businesssupport.amsterdam<\/a> of via email <a href=\"mailto:info@businesssupport.amsterdam\">info@businesssupport.amsterdam<\/a><\/p>","protected":false},"excerpt":{"rendered":"<p>Crown Licensing Holding en Gateway Business Support (Gateway) zijn beiden onderdeel van de Crown Holding Group.<\/p>\n<p>Gateway biedt een uitgebreid dienstenpakket aan buitenlandse ondernemingen die\u00a0reeds in Nederland gevestigd zijn of die zich nog willen vestigen in Nederland.<\/p>\n","protected":false},"author":1,"featured_media":107,"parent":0,"menu_order":4,"comment_status":"closed","ping_status":"closed","template":"","meta":{"footnotes":""},"class_list":["post-37","page","type-page","status-publish","has-post-thumbnail","hentry"],"_links":{"self":[{"href":"https:\/\/crownlicensing.com\/nl\/wp-json\/wp\/v2\/pages\/37","targetHints":{"allow":["GET"]}}],"collection":[{"href":"https:\/\/crownlicensing.com\/nl\/wp-json\/wp\/v2\/pages"}],"about":[{"href":"https:\/\/crownlicensing.com\/nl\/wp-json\/wp\/v2\/types\/page"}],"author":[{"embeddable":true,"href":"https:\/\/crownlicensing.com\/nl\/wp-json\/wp\/v2\/users\/1"}],"replies":[{"embeddable":true,"href":"https:\/\/crownlicensing.com\/nl\/wp-json\/wp\/v2\/comments?post=37"}],"version-history":[{"count":11,"href":"https:\/\/crownlicensing.com\/nl\/wp-json\/wp\/v2\/pages\/37\/revisions"}],"predecessor-version":[{"id":192,"href":"https:\/\/crownlicensing.com\/nl\/wp-json\/wp\/v2\/pages\/37\/revisions\/192"}],"wp:featuredmedia":[{"embeddable":true,"href":"https:\/\/crownlicensing.com\/nl\/wp-json\/wp\/v2\/media\/107"}],"wp:attachment":[{"href":"https:\/\/crownlicensing.com\/nl\/wp-json\/wp\/v2\/media?parent=37"}],"curies":[{"name":"wp","href":"https:\/\/api.w.org\/{rel}","templated":true}]}}