{"id":39,"date":"2018-02-17T13:29:12","date_gmt":"2018-02-17T13:29:12","guid":{"rendered":"https:\/\/crownholding.nl\/?page_id=39"},"modified":"2018-03-15T08:47:49","modified_gmt":"2018-03-15T08:47:49","slug":"contact","status":"publish","type":"page","link":"https:\/\/crownlicensing.com\/es\/contact\/","title":{"rendered":"Contacto"},"content":{"rendered":"<p>P\u00f3ngase en contacto con nosotros por tel\u00e9fono, correo electr\u00f3nico o complete el formulario de contacto, indicando sus intereses, y contactaremos con usted en el plazo de dos d\u00edas (laborables).<\/p>\n<table border=\"0\" width=\"100%\" cellspacing=\"0\" cellpadding=\"0\">\n<tbody>\n<tr>\n<td><img loading=\"lazy\" decoding=\"async\" class=\"alignnone wp-image-111 size-full\" src=\"\/wp-content\/uploads\/sites\/4\/2018\/02\/rene.jpg\" alt=\"\" width=\"200\" height=\"175\" \/><\/td>\n<td valign=\"top\"><strong>S<\/strong><strong>r. Ren\u00e9 van den Outenaar<\/strong><br \/>\nDirectora General\/Propietario<br \/>\n<i class=\"fa fa-phone \" ><\/i> <a href=\"tel:+31203479015\">+31 20 347 90 15<\/a><br \/>\n<i class=\"fa fa-mobile \" ><\/i> <a href=\"tel:+31655813011\">+31 6 55813011<\/a><br \/>\n<i class=\"fa fa-weixin \" ><\/i> outenaar<br \/>\n<a href=\"mailto:info@crownlicensing.com\">info@crownlicensing.com<\/a><\/td>\n<\/tr>\n<\/tbody>\n<\/table>\n<p><i class=\"fa fa-map-marker \" ><\/i> Dr. Willem Dreesweg 2<br \/>\n1185 VB Amstelveen<br \/>\nThe Netherlands<\/p>\n<p><i class=\"fa fa-envelope-o \" ><\/i> P.O. Box 75800<br \/>\n1118 ZR Amsterdam-Schiphol<br \/>\nThe Netherlands<\/p>\n<p><iframe loading=\"lazy\" src=\"https:\/\/www.google.com\/maps\/embed?pb=!1m18!1m12!1m3!1d2440.9554940561547!2d4.839291315934521!3d52.28050996170209!2m3!1f0!2f0!3f0!3m2!1i1024!2i768!4f13.1!3m3!1m2!1s0x47c5e019b68bfa9b%3A0xc16cc16442a55e00!2sDoctor+Willem+Dreesweg+2%2C+1185+VB+Amstelveen!5e0!3m2!1snl!2snl!4v1489179119048\" width=\"100%\" height=\"300\" frameborder=\"0\" allowfullscreen=\"allowfullscreen\"><\/iframe><\/p>","protected":false},"excerpt":{"rendered":"<p>P\u00f3ngase en contacto con nosotros por tel\u00e9fono, correo electr\u00f3nico o complete el formulario de contacto, indicando sus intereses, y contactaremos con usted en el plazo de dos d\u00edas (laborables).<\/p>\n<p><img loading=\"lazy\" decoding=\"async\" class=\"alignnone wp-image-111 size-full\" src=\"\/wp-content\/uploads\/sites\/4\/2018\/02\/rene.jpg\" alt=\"\" width=\"200\" height=\"175\" \/><br \/>\nSr. Ren\u00e9 van den Outenaar<br \/>\nDirectora General\/Propietario<br \/>\n <a href=\"tel:+31203479015\">+31 20 347 90 15<\/a><br \/>\n <a href=\"tel:+31655813011\">+31 6 55813011<\/a><br \/>\n outenaar<br \/>\n<a href=\"mailto:info@crownlicensing.com\">info@crownlicensing.com<\/a><\/p>\n<p> Dr. Willem Dreesweg 2<br \/>\n1185 VB Amstelveen<br \/>\nThe Netherlands<\/p>\n<p> P.O. Box 75800<br \/>\n1118 ZR Amsterdam-Schiphol<br \/>\nThe Netherlands<\/p><\/p>\n","protected":false},"author":1,"featured_media":0,"parent":0,"menu_order":6,"comment_status":"closed","ping_status":"closed","template":"","meta":{"footnotes":""},"class_list":["post-39","page","type-page","status-publish","hentry"],"_links":{"self":[{"href":"https:\/\/crownlicensing.com\/es\/wp-json\/wp\/v2\/pages\/39","targetHints":{"allow":["GET"]}}],"collection":[{"href":"https:\/\/crownlicensing.com\/es\/wp-json\/wp\/v2\/pages"}],"about":[{"href":"https:\/\/crownlicensing.com\/es\/wp-json\/wp\/v2\/types\/page"}],"author":[{"embeddable":true,"href":"https:\/\/crownlicensing.com\/es\/wp-json\/wp\/v2\/users\/1"}],"replies":[{"embeddable":true,"href":"https:\/\/crownlicensing.com\/es\/wp-json\/wp\/v2\/comments?post=39"}],"version-history":[{"count":34,"href":"https:\/\/crownlicensing.com\/es\/wp-json\/wp\/v2\/pages\/39\/revisions"}],"predecessor-version":[{"id":207,"href":"https:\/\/crownlicensing.com\/es\/wp-json\/wp\/v2\/pages\/39\/revisions\/207"}],"wp:attachment":[{"href":"https:\/\/crownlicensing.com\/es\/wp-json\/wp\/v2\/media?parent=39"}],"curies":[{"name":"wp","href":"https:\/\/api.w.org\/{rel}","templated":true}]}}