{"id":37,"date":"2018-02-17T12:44:32","date_gmt":"2018-02-17T12:44:32","guid":{"rendered":"https:\/\/crownholding.nl\/?page_id=37"},"modified":"2018-02-27T08:59:27","modified_gmt":"2018-02-27T08:59:27","slug":"cooperation","status":"publish","type":"page","link":"https:\/\/crownlicensing.com\/es\/cooperation\/","title":{"rendered":"Cooperaci\u00f3n"},"content":{"rendered":"<p>Crown Licensing Holding y Gateway Business Support (Gateway) pertenecen al Crown Holding Group.<\/p>\n<p>Gateway ofrece una amplia gama de servicios de apoyo empresarial para empresas extranjeras que ya tienen presencia en los Pa\u00edses Bajos o est\u00e1n comenzando en los Pa\u00edses Bajos.<\/p>\n<p><!--more--><\/p>\n<p>Gateway es una empresa totalmente independiente de gesti\u00f3n privada que carece de conflictos de intereses que puedan surgir de despachos jur\u00eddicos, empresas fiscales y de contabilidad.<\/p>\n<p>Desde 2012, Gateway est\u00e1 vinculado a una asociaci\u00f3n global l\u00edder de empresas independientes de contabilidad y asesor\u00eda de negocios que representa la experiencia de m\u00e1s de 135 empresas miembro con m\u00e1s de 300 oficinas en m\u00e1s de 70 pa\u00edses de todo el mundo.<\/p>\n<p>Gateway es el servicio integral que debe utilizar para garantizar un funcionamiento fluido y rentable de su negocio en los Pa\u00edses Bajos. Nosotros o nuestra red de asociados encontraremos la soluci\u00f3n \u00f3ptima para las necesidades de su negocio.<\/p>\n<p>Para obtener m\u00e1s informaci\u00f3n, p\u00f3ngase en contacto con nosotros a trav\u00e9s de nuestra p\u00e1gina web <a href=\"http:\/\/www.businesssupport.amsterdam\">www.businesssupport.amsterdam<\/a> o por correo electr\u00f3nico en info@businesssupport.amsterdam<\/p>","protected":false},"excerpt":{"rendered":"<p class=\"qtranxs-available-languages-message qtranxs-available-languages-message-es\">Disculpa, pero esta entrada est\u00e1 disponible s\u00f3lo en <a href=\"https:\/\/crownlicensing.com\/nl\/wp-json\/wp\/v2\/pages\/37\" class=\"qtranxs-available-language-link qtranxs-available-language-link-nl\" title=\"Nederlands\">Nederlands<\/a>.<\/p>\n","protected":false},"author":1,"featured_media":107,"parent":0,"menu_order":4,"comment_status":"closed","ping_status":"closed","template":"","meta":{"footnotes":""},"class_list":["post-37","page","type-page","status-publish","has-post-thumbnail","hentry"],"_links":{"self":[{"href":"https:\/\/crownlicensing.com\/es\/wp-json\/wp\/v2\/pages\/37","targetHints":{"allow":["GET"]}}],"collection":[{"href":"https:\/\/crownlicensing.com\/es\/wp-json\/wp\/v2\/pages"}],"about":[{"href":"https:\/\/crownlicensing.com\/es\/wp-json\/wp\/v2\/types\/page"}],"author":[{"embeddable":true,"href":"https:\/\/crownlicensing.com\/es\/wp-json\/wp\/v2\/users\/1"}],"replies":[{"embeddable":true,"href":"https:\/\/crownlicensing.com\/es\/wp-json\/wp\/v2\/comments?post=37"}],"version-history":[{"count":11,"href":"https:\/\/crownlicensing.com\/es\/wp-json\/wp\/v2\/pages\/37\/revisions"}],"predecessor-version":[{"id":192,"href":"https:\/\/crownlicensing.com\/es\/wp-json\/wp\/v2\/pages\/37\/revisions\/192"}],"wp:featuredmedia":[{"embeddable":true,"href":"https:\/\/crownlicensing.com\/es\/wp-json\/wp\/v2\/media\/107"}],"wp:attachment":[{"href":"https:\/\/crownlicensing.com\/es\/wp-json\/wp\/v2\/media?parent=37"}],"curies":[{"name":"wp","href":"https:\/\/api.w.org\/{rel}","templated":true}]}}