{"id":35,"date":"2018-02-17T12:42:53","date_gmt":"2018-02-17T12:42:53","guid":{"rendered":"https:\/\/crownholding.nl\/?page_id=35"},"modified":"2018-02-27T08:57:23","modified_gmt":"2018-02-27T08:57:23","slug":"clubs","status":"publish","type":"page","link":"https:\/\/crownlicensing.com\/es\/clubs\/","title":{"rendered":"Clubes"},"content":{"rendered":"<p>Cada club podr\u00eda beneficiarse de terceros en el momento justo.<\/p>\n<p>Para los clubes de f\u00fatbol podr\u00eda ser una ventaja trabajar con un intermediario futbol\u00edstico a la hora de fichar al jugador que desean.<\/p>\n<p>El intermediario futbol\u00edstico puede hacer el trabajo de base preliminar con los jugadores y los clubes antes de mostrar inter\u00e9s oficial en un jugador.<\/p>\n<p><!--more--><\/p>\n<p>Crown Licensing podr\u00eda ser su socio ideal a la hora de encontrar los jugadores, patrocinadores o compradores del club adecuados.<\/p>\n<ul>\n<li>fichaje de jugadores\/entrenadores para clubes<\/li>\n<li>contratos de patrocinio para clubes<\/li>\n<li>compra de clubes<\/li>\n<li>uso de nuestra amplia red<\/li>\n<\/ul>\n<p><\/p>","protected":false},"excerpt":{"rendered":"<p class=\"qtranxs-available-languages-message qtranxs-available-languages-message-es\">Disculpa, pero esta entrada est\u00e1 disponible s\u00f3lo en <a href=\"https:\/\/crownlicensing.com\/nl\/wp-json\/wp\/v2\/pages\/35\" class=\"qtranxs-available-language-link qtranxs-available-language-link-nl\" title=\"Nederlands\">Nederlands<\/a>.<\/p>\n","protected":false},"author":1,"featured_media":134,"parent":0,"menu_order":3,"comment_status":"closed","ping_status":"closed","template":"","meta":{"footnotes":""},"class_list":["post-35","page","type-page","status-publish","has-post-thumbnail","hentry"],"_links":{"self":[{"href":"https:\/\/crownlicensing.com\/es\/wp-json\/wp\/v2\/pages\/35","targetHints":{"allow":["GET"]}}],"collection":[{"href":"https:\/\/crownlicensing.com\/es\/wp-json\/wp\/v2\/pages"}],"about":[{"href":"https:\/\/crownlicensing.com\/es\/wp-json\/wp\/v2\/types\/page"}],"author":[{"embeddable":true,"href":"https:\/\/crownlicensing.com\/es\/wp-json\/wp\/v2\/users\/1"}],"replies":[{"embeddable":true,"href":"https:\/\/crownlicensing.com\/es\/wp-json\/wp\/v2\/comments?post=35"}],"version-history":[{"count":12,"href":"https:\/\/crownlicensing.com\/es\/wp-json\/wp\/v2\/pages\/35\/revisions"}],"predecessor-version":[{"id":190,"href":"https:\/\/crownlicensing.com\/es\/wp-json\/wp\/v2\/pages\/35\/revisions\/190"}],"wp:featuredmedia":[{"embeddable":true,"href":"https:\/\/crownlicensing.com\/es\/wp-json\/wp\/v2\/media\/134"}],"wp:attachment":[{"href":"https:\/\/crownlicensing.com\/es\/wp-json\/wp\/v2\/media?parent=35"}],"curies":[{"name":"wp","href":"https:\/\/api.w.org\/{rel}","templated":true}]}}