{"id":15,"date":"2018-02-17T10:34:58","date_gmt":"2018-02-17T10:34:58","guid":{"rendered":"https:\/\/crownholding.nl\/?page_id=15"},"modified":"2018-02-27T08:50:23","modified_gmt":"2018-02-27T08:50:23","slug":"welcome","status":"publish","type":"page","link":"https:\/\/crownlicensing.com\/es\/welcome\/","title":{"rendered":"Le damos la bienvenida a Crown Licensing"},"content":{"rendered":"<p>Cada carrera es diferente, pero la gesti\u00f3n financiera y operativa es un factor com\u00fan.<\/p>\n<p>Crown Licensing es una empresa de gesti\u00f3n totalmente independiente privada que carece de conflictos de intereses que puedan surgir de terceros.<\/p>\n<p>Ayudamos a jugadores de f\u00fatbol (o colaborar con su intermediario) y clubes de f\u00fatbol.<\/p>\n<p><!--more--><\/p>\n<p>Crown Licensing realiza un intensivo estudio para encontrar el equilibrio perfecto entre las partes antes de recomendar cualquier jugador o club de f\u00fatbol o socio comercial.<\/p>\n<p>Crown Licensing cuenta con una s\u00f3lida conexi\u00f3n con federaciones nacionales, clubes e intermediarios de todo el mundo. Nuestro objetivo es visitar a nuestros contactos de forma peri\u00f3dica centr\u00e1ndonos en Europa, China, India y Estados Unidos.<\/p>\n<p>Crown Licensing es un orgulloso miembro de Pro Agent.<\/p>\n<p>Crown Licensing trabaja estrechamente con el gobierno holand\u00e9s en un proyecto oficial para promocionar la industria del f\u00fatbol chino en Chongqing, Chengdu y Xi-an (colaboraci\u00f3n con clubes, construcci\u00f3n de estadios, montaje de instalaciones de entrenamiento, etc.).<\/p>\n<p><strong>Declaraci\u00f3n de objetivos<\/strong><\/p>\n<p>Demostramos nuestra confianza en las relaciones comerciales a largo plazo.<\/p>","protected":false},"excerpt":{"rendered":"<p class=\"qtranxs-available-languages-message qtranxs-available-languages-message-es\">Disculpa, pero esta entrada est\u00e1 disponible s\u00f3lo en <a href=\"https:\/\/crownlicensing.com\/nl\/wp-json\/wp\/v2\/pages\/15\" class=\"qtranxs-available-language-link qtranxs-available-language-link-nl\" title=\"Nederlands\">Nederlands<\/a>.<\/p>\n","protected":false},"author":1,"featured_media":136,"parent":0,"menu_order":1,"comment_status":"closed","ping_status":"closed","template":"","meta":{"footnotes":""},"class_list":["post-15","page","type-page","status-publish","has-post-thumbnail","hentry"],"_links":{"self":[{"href":"https:\/\/crownlicensing.com\/es\/wp-json\/wp\/v2\/pages\/15","targetHints":{"allow":["GET"]}}],"collection":[{"href":"https:\/\/crownlicensing.com\/es\/wp-json\/wp\/v2\/pages"}],"about":[{"href":"https:\/\/crownlicensing.com\/es\/wp-json\/wp\/v2\/types\/page"}],"author":[{"embeddable":true,"href":"https:\/\/crownlicensing.com\/es\/wp-json\/wp\/v2\/users\/1"}],"replies":[{"embeddable":true,"href":"https:\/\/crownlicensing.com\/es\/wp-json\/wp\/v2\/comments?post=15"}],"version-history":[{"count":27,"href":"https:\/\/crownlicensing.com\/es\/wp-json\/wp\/v2\/pages\/15\/revisions"}],"predecessor-version":[{"id":187,"href":"https:\/\/crownlicensing.com\/es\/wp-json\/wp\/v2\/pages\/15\/revisions\/187"}],"wp:featuredmedia":[{"embeddable":true,"href":"https:\/\/crownlicensing.com\/es\/wp-json\/wp\/v2\/media\/136"}],"wp:attachment":[{"href":"https:\/\/crownlicensing.com\/es\/wp-json\/wp\/v2\/media?parent=15"}],"curies":[{"name":"wp","href":"https:\/\/api.w.org\/{rel}","templated":true}]}}